{"id":6515,"date":"2026-01-29T00:22:40","date_gmt":"2026-01-29T00:22:40","guid":{"rendered":"https:\/\/siticsoftware.com\/?page_id=6515"},"modified":"2026-01-29T00:58:26","modified_gmt":"2026-01-29T00:58:26","slug":"guia-operacion-concesionarias","status":"publish","type":"page","link":"https:\/\/siticsoftware.com\/en\/guia-operacion-concesionarias\/","title":{"rendered":"Descarga E-Book: 5 pasos para dominar la operaci\u00f3n"},"content":{"rendered":"<p>[et_pb_section fb_built=&#8221;1&#8243; _builder_version=&#8221;4.27.5&#8243; _module_preset=&#8221;default&#8221; global_colors_info=&#8221;{}&#8221;][et_pb_row _builder_version=&#8221;4.27.5&#8243; _module_preset=&#8221;default&#8221; global_colors_info=&#8221;{}&#8221;][et_pb_column type=&#8221;4_4&#8243; _builder_version=&#8221;4.27.5&#8243; _module_preset=&#8221;default&#8221; global_colors_info=&#8221;{}&#8221;][et_pb_text _builder_version=&#8221;4.27.5&#8243; _module_preset=&#8221;default&#8221; text_font=&#8221;NeuePlakText-Regular|700|||||||&#8221; global_colors_info=&#8221;{}&#8221;]<\/p>\n<h1 style=\"text-align: center;\">Rellena el formulario para descargar el e-book gratuito<\/h1>\n<p>[\/et_pb_text][\/et_pb_column][\/et_pb_row][\/et_pb_section][et_pb_section fb_built=&#8221;1&#8243; _builder_version=&#8221;4.27.4&#8243; _module_preset=&#8221;default&#8221; background_color=&#8221;#f2f3fc&#8221; locked=&#8221;off&#8221; global_colors_info=&#8221;{}&#8221;][et_pb_row column_structure=&#8221;1_2,1_2&#8243; _builder_version=&#8221;4.27.5&#8243; _module_preset=&#8221;default&#8221; background_color=&#8221;#FFFFFF&#8221; global_colors_info=&#8221;{}&#8221;][et_pb_column type=&#8221;1_2&#8243; _builder_version=&#8221;4.27.4&#8243; _module_preset=&#8221;default&#8221; global_colors_info=&#8221;{}&#8221;][et_pb_image src=&#8221;https:\/\/siticsoftware.com\/wp-content\/uploads\/2026\/01\/Captura-de-pantalla-2026-01-28-a-las-5.45.34-p.m.png&#8221; alt=&#8221;Portada de la gu\u00eda M\u00e9todo de 5 pasos para dominar la operaci\u00f3n en concesionarias y talleres de equipo pesado de SITIC Software.&#8221; title_text=&#8221;Gu\u00eda gratuita: M\u00e9todo de 5 pasos para concesionarias y talleres de equipo pesado&#8221; _builder_version=&#8221;4.27.5&#8243; _module_preset=&#8221;default&#8221; max_width=&#8221;70%&#8221; module_alignment=&#8221;center&#8221; custom_margin=&#8221;10px||10px||true|false&#8221; custom_padding=&#8221;10px|||10px|false|false&#8221; global_colors_info=&#8221;{}&#8221;][\/et_pb_image][et_pb_text _builder_version=&#8221;4.27.5&#8243; _module_preset=&#8221;default&#8221; text_font=&#8221;NeuePlakText-Regular||||||||&#8221; text_font_size=&#8221;17px&#8221; custom_margin=&#8221;5px|5px|5px|5px|false|false&#8221; custom_padding=&#8221;|||38px|false|false&#8221; global_colors_info=&#8221;{}&#8221;]<\/p>\n<p data-start=\"245\" data-end=\"351\">\u00bfSientes que la operaci\u00f3n de tu concesionaria o taller de equipo pesado se ha vuelto dif\u00edcil de controlar?<\/p>\n<p data-start=\"353\" data-end=\"518\">\u00bfTe preguntas si existe una forma m\u00e1s clara y ordenada de gestionar ventas, postventa, refacciones y taller sin depender de reportes incompletos o procesos manuales?<\/p>\n<p data-start=\"520\" data-end=\"554\">En esta gu\u00eda gratuita descubrir\u00e1s:<\/p>\n<ul data-start=\"556\" data-end=\"1017\">\n<li data-start=\"556\" data-end=\"634\">\n<p data-start=\"558\" data-end=\"634\">El reto real en la operaci\u00f3n de concesionarias y talleres de equipo pesado<\/p>\n<\/li>\n<li data-start=\"635\" data-end=\"701\">\n<p data-start=\"637\" data-end=\"701\">El m\u00e9todo de 5 pasos para recuperar el control de la operaci\u00f3n<\/p>\n<\/li>\n<li data-start=\"702\" data-end=\"752\">\n<p data-start=\"704\" data-end=\"752\">Qu\u00e9 informaci\u00f3n es clave controlar (y cu\u00e1l no)<\/p>\n<\/li>\n<li data-start=\"753\" data-end=\"808\">\n<p data-start=\"755\" data-end=\"808\">C\u00f3mo centralizar toda la operaci\u00f3n en un solo lugar<\/p>\n<\/li>\n<li data-start=\"809\" data-end=\"881\">\n<p data-start=\"811\" data-end=\"881\">La importancia de estandarizar procesos y automatizar el seguimiento<\/p>\n<\/li>\n<li data-start=\"882\" data-end=\"935\">\n<p data-start=\"884\" data-end=\"935\">C\u00f3mo detectar incidencias y actuar en tiempo real<\/p>\n<\/li>\n<li data-start=\"936\" data-end=\"1017\">\n<p data-start=\"938\" data-end=\"1017\">C\u00f3mo convertir los datos operativos en decisiones que mejoran la rentabilidad<\/p>\n<\/li>\n<\/ul>\n<p data-start=\"1019\" data-end=\"1169\">Esta gu\u00eda est\u00e1 dise\u00f1ada para directivos, gerentes y responsables operativos que buscan <strong data-start=\"1106\" data-end=\"1168\">m\u00e1s control, menos errores y mayor visibilidad del negocio<\/strong>.<\/p>\n<p data-start=\"1171\" data-end=\"1271\">Rellena el formulario para acceder a la gu\u00eda y recibir el PDF directamente en tu correo electr\u00f3nico.<\/p>\n<p>[\/et_pb_text][\/et_pb_column][et_pb_column type=&#8221;1_2&#8243; _builder_version=&#8221;4.27.4&#8243; _module_preset=&#8221;default&#8221; global_colors_info=&#8221;{}&#8221;][et_pb_code _builder_version=&#8221;4.27.5&#8243; _module_preset=&#8221;default&#8221; global_colors_info=&#8221;{}&#8221;]<script src=\"https:\/\/js.hsforms.net\/forms\/embed\/6070538.js\" defer><\/script><!-- [et_pb_line_break_holder] --><\/p>\n<div class=\"hs-form-frame\" data-region=\"na1\" data-form-id=\"9c09acba-ad86-4e1f-9d9f-df8aaa5739f7\" data-portal-id=\"6070538\"><\/div>\n<p>[\/et_pb_code][\/et_pb_column][\/et_pb_row][\/et_pb_section]<\/p>","protected":false},"excerpt":{"rendered":"<p>Rellena el formulario para descargar el e-book gratuito\u00bfSientes que la operaci\u00f3n de tu concesionaria o taller de equipo pesado se ha vuelto dif\u00edcil de controlar? \u00bfTe preguntas si existe una forma m\u00e1s clara y ordenada de gestionar ventas, postventa, refacciones y taller sin depender de reportes incompletos o procesos manuales? En esta gu\u00eda gratuita descubrir\u00e1s: [&hellip;]<\/p>","protected":false},"author":6,"featured_media":0,"parent":0,"menu_order":0,"comment_status":"closed","ping_status":"closed","template":"","meta":{"_et_pb_use_builder":"on","_et_pb_old_content":"","_et_gb_content_width":"","content-type":"","inline_featured_image":false,"footnotes":""},"class_list":["post-6515","page","type-page","status-publish","hentry"],"yoast_head":"<!-- This site is optimized with the Yoast SEO plugin v26.9 - https:\/\/yoast.com\/product\/yoast-seo-wordpress\/ -->\n<title>Gu\u00eda gratuita: Domina la operaci\u00f3n en tu concesionaria<\/title>\n<meta name=\"description\" content=\"Descarga la gu\u00eda gratuita y domina la operaci\u00f3n de tu concesionaria o taller de servicio con el m\u00e9todo de 5 pasos.\" \/>\n<meta name=\"robots\" content=\"index, follow, max-snippet:-1, max-image-preview:large, max-video-preview:-1\" \/>\n<link rel=\"canonical\" href=\"https:\/\/siticsoftware.com\/en\/guia-operacion-concesionarias\/\" \/>\n<meta property=\"og:locale\" content=\"en_US\" \/>\n<meta property=\"og:type\" content=\"article\" \/>\n<meta property=\"og:title\" content=\"Gu\u00eda gratuita: Domina la operaci\u00f3n en tu concesionaria\" \/>\n<meta property=\"og:description\" content=\"Descarga la gu\u00eda gratuita y domina la operaci\u00f3n de tu concesionaria o taller de servicio con el m\u00e9todo de 5 pasos.\" \/>\n<meta property=\"og:url\" content=\"https:\/\/siticsoftware.com\/en\/guia-operacion-concesionarias\/\" \/>\n<meta property=\"og:site_name\" content=\"Sitic\" \/>\n<meta property=\"article:modified_time\" content=\"2026-01-29T00:58:26+00:00\" \/>\n<meta property=\"og:image\" content=\"https:\/\/siticsoftware.com\/wp-content\/uploads\/2025\/08\/share.jpg\" \/>\n\t<meta property=\"og:image:width\" content=\"1251\" \/>\n\t<meta property=\"og:image:height\" content=\"876\" \/>\n\t<meta property=\"og:image:type\" content=\"image\/jpeg\" \/>\n<meta name=\"twitter:card\" content=\"summary_large_image\" \/>\n<meta name=\"twitter:label1\" content=\"Est. reading time\" \/>\n\t<meta name=\"twitter:data1\" content=\"1 minute\" \/>\n<script type=\"application\/ld+json\" class=\"yoast-schema-graph\">{\"@context\":\"https:\/\/schema.org\",\"@graph\":[{\"@type\":\"WebPage\",\"@id\":\"https:\/\/siticsoftware.com\/guia-operacion-concesionarias\/\",\"url\":\"https:\/\/siticsoftware.com\/guia-operacion-concesionarias\/\",\"name\":\"Gu\u00eda gratuita: Domina la operaci\u00f3n en tu concesionaria\",\"isPartOf\":{\"@id\":\"https:\/\/siticsoftware.com\/#website\"},\"datePublished\":\"2026-01-29T00:22:40+00:00\",\"dateModified\":\"2026-01-29T00:58:26+00:00\",\"description\":\"Descarga la gu\u00eda gratuita y domina la operaci\u00f3n de tu concesionaria o taller de servicio con el m\u00e9todo de 5 pasos.\",\"breadcrumb\":{\"@id\":\"https:\/\/siticsoftware.com\/guia-operacion-concesionarias\/#breadcrumb\"},\"inLanguage\":\"en-US\",\"potentialAction\":[{\"@type\":\"ReadAction\",\"target\":[\"https:\/\/siticsoftware.com\/guia-operacion-concesionarias\/\"]}]},{\"@type\":\"BreadcrumbList\",\"@id\":\"https:\/\/siticsoftware.com\/guia-operacion-concesionarias\/#breadcrumb\",\"itemListElement\":[{\"@type\":\"ListItem\",\"position\":1,\"name\":\"Home\",\"item\":\"https:\/\/siticsoftware.com\/\"},{\"@type\":\"ListItem\",\"position\":2,\"name\":\"Descarga E-Book: 5 pasos para dominar la operaci\u00f3n\"}]},{\"@type\":\"WebSite\",\"@id\":\"https:\/\/siticsoftware.com\/#website\",\"url\":\"https:\/\/siticsoftware.com\/\",\"name\":\"Sitic Sotware\",\"description\":\"Sitic Sotware\",\"publisher\":{\"@id\":\"https:\/\/siticsoftware.com\/#organization\"},\"potentialAction\":[{\"@type\":\"SearchAction\",\"target\":{\"@type\":\"EntryPoint\",\"urlTemplate\":\"https:\/\/siticsoftware.com\/?s={search_term_string}\"},\"query-input\":{\"@type\":\"PropertyValueSpecification\",\"valueRequired\":true,\"valueName\":\"search_term_string\"}}],\"inLanguage\":\"en-US\"},{\"@type\":\"Organization\",\"@id\":\"https:\/\/siticsoftware.com\/#organization\",\"name\":\"Sitic Sotware\",\"url\":\"https:\/\/siticsoftware.com\/\",\"logo\":{\"@type\":\"ImageObject\",\"inLanguage\":\"en-US\",\"@id\":\"https:\/\/siticsoftware.com\/#\/schema\/logo\/image\/\",\"url\":\"https:\/\/siticsoftware.com\/wp-content\/uploads\/2025\/08\/sitic-color.svg\",\"contentUrl\":\"https:\/\/siticsoftware.com\/wp-content\/uploads\/2025\/08\/sitic-color.svg\",\"width\":585,\"height\":466,\"caption\":\"Sitic Sotware\"},\"image\":{\"@id\":\"https:\/\/siticsoftware.com\/#\/schema\/logo\/image\/\"}}]}<\/script>\n<!-- \/ Yoast SEO plugin. -->","yoast_head_json":{"title":"Gu\u00eda gratuita: Domina la operaci\u00f3n en tu concesionaria","description":"Descarga la gu\u00eda gratuita y domina la operaci\u00f3n de tu concesionaria o taller de servicio con el m\u00e9todo de 5 pasos.","robots":{"index":"index","follow":"follow","max-snippet":"max-snippet:-1","max-image-preview":"max-image-preview:large","max-video-preview":"max-video-preview:-1"},"canonical":"https:\/\/siticsoftware.com\/en\/guia-operacion-concesionarias\/","og_locale":"en_US","og_type":"article","og_title":"Gu\u00eda gratuita: Domina la operaci\u00f3n en tu concesionaria","og_description":"Descarga la gu\u00eda gratuita y domina la operaci\u00f3n de tu concesionaria o taller de servicio con el m\u00e9todo de 5 pasos.","og_url":"https:\/\/siticsoftware.com\/en\/guia-operacion-concesionarias\/","og_site_name":"Sitic","article_modified_time":"2026-01-29T00:58:26+00:00","og_image":[{"width":1251,"height":876,"url":"https:\/\/siticsoftware.com\/wp-content\/uploads\/2025\/08\/share.jpg","type":"image\/jpeg"}],"twitter_card":"summary_large_image","twitter_misc":{"Est. reading time":"1 minute"},"schema":{"@context":"https:\/\/schema.org","@graph":[{"@type":"WebPage","@id":"https:\/\/siticsoftware.com\/guia-operacion-concesionarias\/","url":"https:\/\/siticsoftware.com\/guia-operacion-concesionarias\/","name":"Gu\u00eda gratuita: Domina la operaci\u00f3n en tu concesionaria","isPartOf":{"@id":"https:\/\/siticsoftware.com\/#website"},"datePublished":"2026-01-29T00:22:40+00:00","dateModified":"2026-01-29T00:58:26+00:00","description":"Descarga la gu\u00eda gratuita y domina la operaci\u00f3n de tu concesionaria o taller de servicio con el m\u00e9todo de 5 pasos.","breadcrumb":{"@id":"https:\/\/siticsoftware.com\/guia-operacion-concesionarias\/#breadcrumb"},"inLanguage":"en-US","potentialAction":[{"@type":"ReadAction","target":["https:\/\/siticsoftware.com\/guia-operacion-concesionarias\/"]}]},{"@type":"BreadcrumbList","@id":"https:\/\/siticsoftware.com\/guia-operacion-concesionarias\/#breadcrumb","itemListElement":[{"@type":"ListItem","position":1,"name":"Home","item":"https:\/\/siticsoftware.com\/"},{"@type":"ListItem","position":2,"name":"Descarga E-Book: 5 pasos para dominar la operaci\u00f3n"}]},{"@type":"WebSite","@id":"https:\/\/siticsoftware.com\/#website","url":"https:\/\/siticsoftware.com\/","name":"Sitic Sotware","description":"Sitic Sotware","publisher":{"@id":"https:\/\/siticsoftware.com\/#organization"},"potentialAction":[{"@type":"SearchAction","target":{"@type":"EntryPoint","urlTemplate":"https:\/\/siticsoftware.com\/?s={search_term_string}"},"query-input":{"@type":"PropertyValueSpecification","valueRequired":true,"valueName":"search_term_string"}}],"inLanguage":"en-US"},{"@type":"Organization","@id":"https:\/\/siticsoftware.com\/#organization","name":"Sitic Sotware","url":"https:\/\/siticsoftware.com\/","logo":{"@type":"ImageObject","inLanguage":"en-US","@id":"https:\/\/siticsoftware.com\/#\/schema\/logo\/image\/","url":"https:\/\/siticsoftware.com\/wp-content\/uploads\/2025\/08\/sitic-color.svg","contentUrl":"https:\/\/siticsoftware.com\/wp-content\/uploads\/2025\/08\/sitic-color.svg","width":585,"height":466,"caption":"Sitic Sotware"},"image":{"@id":"https:\/\/siticsoftware.com\/#\/schema\/logo\/image\/"}}]}},"_links":{"self":[{"href":"https:\/\/siticsoftware.com\/en\/wp-json\/wp\/v2\/pages\/6515","targetHints":{"allow":["GET"]}}],"collection":[{"href":"https:\/\/siticsoftware.com\/en\/wp-json\/wp\/v2\/pages"}],"about":[{"href":"https:\/\/siticsoftware.com\/en\/wp-json\/wp\/v2\/types\/page"}],"author":[{"embeddable":true,"href":"https:\/\/siticsoftware.com\/en\/wp-json\/wp\/v2\/users\/6"}],"replies":[{"embeddable":true,"href":"https:\/\/siticsoftware.com\/en\/wp-json\/wp\/v2\/comments?post=6515"}],"version-history":[{"count":6,"href":"https:\/\/siticsoftware.com\/en\/wp-json\/wp\/v2\/pages\/6515\/revisions"}],"predecessor-version":[{"id":6540,"href":"https:\/\/siticsoftware.com\/en\/wp-json\/wp\/v2\/pages\/6515\/revisions\/6540"}],"wp:attachment":[{"href":"https:\/\/siticsoftware.com\/en\/wp-json\/wp\/v2\/media?parent=6515"}],"curies":[{"name":"wp","href":"https:\/\/api.w.org\/{rel}","templated":true}]}}