{"id":2145,"date":"2025-04-03T07:02:25","date_gmt":"2025-04-03T07:02:25","guid":{"rendered":"https:\/\/siticsoftware.com\/?page_id=2145"},"modified":"2026-01-06T15:07:19","modified_gmt":"2026-01-06T15:07:19","slug":"aviso-de-privacidad","status":"publish","type":"page","link":"https:\/\/siticsoftware.com\/en\/aviso-de-privacidad\/","title":{"rendered":"Aviso de Privacidad"},"content":{"rendered":"<p>[et_pb_section fb_built=&#8221;1&#8243; _builder_version=&#8221;4.27.4&#8243; _module_preset=&#8221;default&#8221; global_colors_info=&#8221;{}&#8221;][et_pb_row _builder_version=&#8221;4.27.4&#8243; _module_preset=&#8221;default&#8221; global_colors_info=&#8221;{}&#8221;][et_pb_column type=&#8221;4_4&#8243; _builder_version=&#8221;4.27.4&#8243; _module_preset=&#8221;default&#8221; global_colors_info=&#8221;{}&#8221;][et_pb_text _builder_version=&#8221;4.27.4&#8243; _module_preset=&#8221;default&#8221; header_font=&#8221;Neue Plak||||||||&#8221; header_2_font=&#8221;Neue Plak||||||||&#8221; header_2_font_size=&#8221;38px&#8221; global_colors_info=&#8221;{}&#8221;]<\/p>\n<h1><strong>SITIC Privacy Notice<\/strong><\/h1>\n<p><strong>Introduction<\/strong><br \/>In accordance with the current legislation on personal data protection, Desarrollo Comercial FERRE S.A. de C.V. is committed to taking the necessary measures to ensure the protection of personal data.\nThe use of personal data will be limited to what is stated in the following Privacy Notice:<br \/>Data Controller<br \/>Desarrollo Comercial FERRE S.A. de C.V. (en adelante, \u201cSITIC\u201d), con domicilio en San Pedro de las Colonias &#8211; Torre\u00f3n 2200, Ejido la Uni\u00f3n, 27420 Torre\u00f3n, Coah. es responsable del tratamiento de los datos personales que recabe. Estamos comprometidos con su privacidad y actuamos conforme a la Ley Federal de Protecci\u00f3n de Datos Personales en Posesi\u00f3n de los Particulares y dem\u00e1s normativas aplicables.\u2028\u2028Sitio web: https:\/\/siticsoftware.com\u2028Correo electr\u00f3nico: <a target=\"_blank\" class=\"c-link\" data-stringify-link=\"mailto:datos.personales@siticsoftware.com\" data-sk=\"tooltip_parent\" aria-haspopup=\"menu\" href=\"mailto:datos.personales@siticsoftware.com\" rel=\"noopener noreferrer\" aria-describedby=\"sk-tooltip-9721\">datos.personales@siticsoftware.com<\/a><br \/><strong>Purpose of Data Processing<\/strong><br \/>The personal data collected will be used to:\n\u2013 Provide licensing, software development, and consulting services\n\u2013 Monitor the provision of services\n\u2013 Offer customer support\n\u2013 Communicate offers, events, and promotions<br \/><strong>Personal Data Collected<\/strong><br \/>\u2013 Full name\u2013 Address\u2013 Phone number\u2013 Email address<br \/><strong>Data Transfers<\/strong><br \/>SITIC does not transfer personal data except as permitted under Article 36 of the Federal Law on Protection of Personal Data.<br \/><strong>ARCO Rights<\/strong><br \/>Puede ejercer sus derechos ARCO enviando un correo a: <a target=\"_blank\" class=\"c-link\" data-stringify-link=\"mailto:datos.personales@siticsoftware.com\" data-sk=\"tooltip_parent\" aria-haspopup=\"menu\" href=\"mailto:datos.personales@siticsoftware.com\" rel=\"noopener noreferrer\" aria-describedby=\"sk-tooltip-9721\">datos.personales@siticsoftware.com<\/a>\u2028Incluya:\u2028- Nombre completo\u2028- Identificaci\u00f3n oficial\u2028- Documento de representaci\u00f3n legal (si aplica)\u2028- Descripci\u00f3n clara de la solicitud\u2028- Documento justificativo (si desea rectificar un dato)\u2028\u2028SITIC responder\u00e1 en un plazo no mayor a 20 d\u00edas h\u00e1biles.<br \/><strong>Limitation of Use and Revocation<\/strong><br \/>Puede limitar el uso o revocar el consentimiento escribiendo a: <a target=\"_blank\" class=\"c-link\" data-stringify-link=\"mailto:datos.personales@siticsoftware.com\" data-sk=\"tooltip_parent\" aria-haspopup=\"menu\" href=\"mailto:datos.personales@siticsoftware.com\" rel=\"noopener noreferrer\" aria-describedby=\"sk-tooltip-9721\">datos.personales@siticsoftware.com<\/a><br \/><strong>Security Measures<\/strong><br \/>SITIC implements physical, administrative, and technological measures to protect your information.<br \/><strong>Changes to the Notice<\/strong><br \/>Any changes will be published at: https:\/\/siticsoftware.com\/aviso-de-privacidad\/<\/p>\n<p>[\/et_pb_text][\/et_pb_column][\/et_pb_row][\/et_pb_section]<\/p>","protected":false},"excerpt":{"rendered":"<p>Aviso de Privacidad SITIC Introducci\u00f3nConforme a lo establecido en la legislaci\u00f3n en materia de protecci\u00f3n de datos personales vigente, Desarrollo Comercial FERRE S.A. de C.V. se compromete a tomar las medidas necesarias que garanticen la protecci\u00f3n de los datos personales.\u2028\u2028El uso de datos personales se limitar\u00e1 a lo previsto en el siguiente Aviso de Privacidad:Responsable [&hellip;]<\/p>","protected":false},"author":8,"featured_media":0,"parent":0,"menu_order":0,"comment_status":"closed","ping_status":"closed","template":"","meta":{"_et_pb_use_builder":"on","_et_pb_old_content":"","_et_gb_content_width":"","content-type":"","inline_featured_image":false,"footnotes":""},"class_list":["post-2145","page","type-page","status-publish","hentry"],"yoast_head":"<!-- This site is optimized with the Yoast SEO plugin v26.9 - https:\/\/yoast.com\/product\/yoast-seo-wordpress\/ -->\n<title>Aviso de Privacidad - Sitic<\/title>\n<meta name=\"description\" content=\"Conozca el Aviso de Privacidad de SITIC. Protegemos sus datos personales conforme a la ley. Consulte finalidades, derechos ARCO y medidas de seguridad aplicadas.\" \/>\n<meta name=\"robots\" content=\"index, follow, max-snippet:-1, max-image-preview:large, max-video-preview:-1\" \/>\n<link rel=\"canonical\" href=\"https:\/\/siticsoftware.com\/en\/aviso-de-privacidad\/\" \/>\n<meta property=\"og:locale\" content=\"en_US\" \/>\n<meta property=\"og:type\" content=\"article\" \/>\n<meta property=\"og:title\" content=\"Aviso de Privacidad - Sitic\" \/>\n<meta property=\"og:description\" content=\"Conozca el Aviso de Privacidad de SITIC. Protegemos sus datos personales conforme a la ley. Consulte finalidades, derechos ARCO y medidas de seguridad aplicadas.\" \/>\n<meta property=\"og:url\" content=\"https:\/\/siticsoftware.com\/en\/aviso-de-privacidad\/\" \/>\n<meta property=\"og:site_name\" content=\"Sitic\" \/>\n<meta property=\"article:modified_time\" content=\"2026-01-06T15:07:19+00:00\" \/>\n<meta property=\"og:image\" content=\"https:\/\/siticsoftware.com\/wp-content\/uploads\/2025\/08\/share.jpg\" \/>\n\t<meta property=\"og:image:width\" content=\"1251\" \/>\n\t<meta property=\"og:image:height\" content=\"876\" \/>\n\t<meta property=\"og:image:type\" content=\"image\/jpeg\" \/>\n<meta name=\"twitter:card\" content=\"summary_large_image\" \/>\n<meta name=\"twitter:label1\" content=\"Est. reading time\" \/>\n\t<meta name=\"twitter:data1\" content=\"2 minutes\" \/>\n<script type=\"application\/ld+json\" class=\"yoast-schema-graph\">{\"@context\":\"https:\/\/schema.org\",\"@graph\":[{\"@type\":\"WebPage\",\"@id\":\"https:\/\/siticsoftware.com\/aviso-de-privacidad\/\",\"url\":\"https:\/\/siticsoftware.com\/aviso-de-privacidad\/\",\"name\":\"Aviso de Privacidad - Sitic\",\"isPartOf\":{\"@id\":\"https:\/\/siticsoftware.com\/#website\"},\"datePublished\":\"2025-04-03T07:02:25+00:00\",\"dateModified\":\"2026-01-06T15:07:19+00:00\",\"description\":\"Conozca el Aviso de Privacidad de SITIC. Protegemos sus datos personales conforme a la ley. Consulte finalidades, derechos ARCO y medidas de seguridad aplicadas.\",\"breadcrumb\":{\"@id\":\"https:\/\/siticsoftware.com\/aviso-de-privacidad\/#breadcrumb\"},\"inLanguage\":\"en-US\",\"potentialAction\":[{\"@type\":\"ReadAction\",\"target\":[\"https:\/\/siticsoftware.com\/aviso-de-privacidad\/\"]}]},{\"@type\":\"BreadcrumbList\",\"@id\":\"https:\/\/siticsoftware.com\/aviso-de-privacidad\/#breadcrumb\",\"itemListElement\":[{\"@type\":\"ListItem\",\"position\":1,\"name\":\"Home\",\"item\":\"https:\/\/siticsoftware.com\/\"},{\"@type\":\"ListItem\",\"position\":2,\"name\":\"Aviso de Privacidad\"}]},{\"@type\":\"WebSite\",\"@id\":\"https:\/\/siticsoftware.com\/#website\",\"url\":\"https:\/\/siticsoftware.com\/\",\"name\":\"Sitic Sotware\",\"description\":\"Sitic Sotware\",\"publisher\":{\"@id\":\"https:\/\/siticsoftware.com\/#organization\"},\"potentialAction\":[{\"@type\":\"SearchAction\",\"target\":{\"@type\":\"EntryPoint\",\"urlTemplate\":\"https:\/\/siticsoftware.com\/?s={search_term_string}\"},\"query-input\":{\"@type\":\"PropertyValueSpecification\",\"valueRequired\":true,\"valueName\":\"search_term_string\"}}],\"inLanguage\":\"en-US\"},{\"@type\":\"Organization\",\"@id\":\"https:\/\/siticsoftware.com\/#organization\",\"name\":\"Sitic Sotware\",\"url\":\"https:\/\/siticsoftware.com\/\",\"logo\":{\"@type\":\"ImageObject\",\"inLanguage\":\"en-US\",\"@id\":\"https:\/\/siticsoftware.com\/#\/schema\/logo\/image\/\",\"url\":\"https:\/\/siticsoftware.com\/wp-content\/uploads\/2025\/08\/sitic-color.svg\",\"contentUrl\":\"https:\/\/siticsoftware.com\/wp-content\/uploads\/2025\/08\/sitic-color.svg\",\"width\":585,\"height\":466,\"caption\":\"Sitic Sotware\"},\"image\":{\"@id\":\"https:\/\/siticsoftware.com\/#\/schema\/logo\/image\/\"}}]}<\/script>\n<!-- \/ Yoast SEO plugin. -->","yoast_head_json":{"title":"Aviso de Privacidad - Sitic","description":"Conozca el Aviso de Privacidad de SITIC. Protegemos sus datos personales conforme a la ley. Consulte finalidades, derechos ARCO y medidas de seguridad aplicadas.","robots":{"index":"index","follow":"follow","max-snippet":"max-snippet:-1","max-image-preview":"max-image-preview:large","max-video-preview":"max-video-preview:-1"},"canonical":"https:\/\/siticsoftware.com\/en\/aviso-de-privacidad\/","og_locale":"en_US","og_type":"article","og_title":"Aviso de Privacidad - Sitic","og_description":"Conozca el Aviso de Privacidad de SITIC. Protegemos sus datos personales conforme a la ley. Consulte finalidades, derechos ARCO y medidas de seguridad aplicadas.","og_url":"https:\/\/siticsoftware.com\/en\/aviso-de-privacidad\/","og_site_name":"Sitic","article_modified_time":"2026-01-06T15:07:19+00:00","og_image":[{"width":1251,"height":876,"url":"https:\/\/siticsoftware.com\/wp-content\/uploads\/2025\/08\/share.jpg","type":"image\/jpeg"}],"twitter_card":"summary_large_image","twitter_misc":{"Est. reading time":"2 minutes"},"schema":{"@context":"https:\/\/schema.org","@graph":[{"@type":"WebPage","@id":"https:\/\/siticsoftware.com\/aviso-de-privacidad\/","url":"https:\/\/siticsoftware.com\/aviso-de-privacidad\/","name":"Aviso de Privacidad - Sitic","isPartOf":{"@id":"https:\/\/siticsoftware.com\/#website"},"datePublished":"2025-04-03T07:02:25+00:00","dateModified":"2026-01-06T15:07:19+00:00","description":"Conozca el Aviso de Privacidad de SITIC. Protegemos sus datos personales conforme a la ley. Consulte finalidades, derechos ARCO y medidas de seguridad aplicadas.","breadcrumb":{"@id":"https:\/\/siticsoftware.com\/aviso-de-privacidad\/#breadcrumb"},"inLanguage":"en-US","potentialAction":[{"@type":"ReadAction","target":["https:\/\/siticsoftware.com\/aviso-de-privacidad\/"]}]},{"@type":"BreadcrumbList","@id":"https:\/\/siticsoftware.com\/aviso-de-privacidad\/#breadcrumb","itemListElement":[{"@type":"ListItem","position":1,"name":"Home","item":"https:\/\/siticsoftware.com\/"},{"@type":"ListItem","position":2,"name":"Aviso de Privacidad"}]},{"@type":"WebSite","@id":"https:\/\/siticsoftware.com\/#website","url":"https:\/\/siticsoftware.com\/","name":"Sitic Sotware","description":"Sitic Sotware","publisher":{"@id":"https:\/\/siticsoftware.com\/#organization"},"potentialAction":[{"@type":"SearchAction","target":{"@type":"EntryPoint","urlTemplate":"https:\/\/siticsoftware.com\/?s={search_term_string}"},"query-input":{"@type":"PropertyValueSpecification","valueRequired":true,"valueName":"search_term_string"}}],"inLanguage":"en-US"},{"@type":"Organization","@id":"https:\/\/siticsoftware.com\/#organization","name":"Sitic Sotware","url":"https:\/\/siticsoftware.com\/","logo":{"@type":"ImageObject","inLanguage":"en-US","@id":"https:\/\/siticsoftware.com\/#\/schema\/logo\/image\/","url":"https:\/\/siticsoftware.com\/wp-content\/uploads\/2025\/08\/sitic-color.svg","contentUrl":"https:\/\/siticsoftware.com\/wp-content\/uploads\/2025\/08\/sitic-color.svg","width":585,"height":466,"caption":"Sitic Sotware"},"image":{"@id":"https:\/\/siticsoftware.com\/#\/schema\/logo\/image\/"}}]}},"_links":{"self":[{"href":"https:\/\/siticsoftware.com\/en\/wp-json\/wp\/v2\/pages\/2145","targetHints":{"allow":["GET"]}}],"collection":[{"href":"https:\/\/siticsoftware.com\/en\/wp-json\/wp\/v2\/pages"}],"about":[{"href":"https:\/\/siticsoftware.com\/en\/wp-json\/wp\/v2\/types\/page"}],"author":[{"embeddable":true,"href":"https:\/\/siticsoftware.com\/en\/wp-json\/wp\/v2\/users\/8"}],"replies":[{"embeddable":true,"href":"https:\/\/siticsoftware.com\/en\/wp-json\/wp\/v2\/comments?post=2145"}],"version-history":[{"count":10,"href":"https:\/\/siticsoftware.com\/en\/wp-json\/wp\/v2\/pages\/2145\/revisions"}],"predecessor-version":[{"id":6398,"href":"https:\/\/siticsoftware.com\/en\/wp-json\/wp\/v2\/pages\/2145\/revisions\/6398"}],"wp:attachment":[{"href":"https:\/\/siticsoftware.com\/en\/wp-json\/wp\/v2\/media?parent=2145"}],"curies":[{"name":"wp","href":"https:\/\/api.w.org\/{rel}","templated":true}]}}